{"id":606,"date":"2022-06-27T18:21:38","date_gmt":"2022-06-27T18:21:38","guid":{"rendered":"https:\/\/networkr.link\/acemed\/?post_type=product&#038;p=606"},"modified":"2026-01-28T09:15:09","modified_gmt":"2026-01-28T12:15:09","slug":"colchon-flotacion-3-vias","status":"publish","type":"product","link":"https:\/\/acemed.cl\/web\/producto\/colchon-flotacion-3-vias\/","title":{"rendered":"Colch\u00f3n de Flotaci\u00f3n para paciente Bari\u00e1trico"},"content":{"rendered":"<div class=\"wpb-content-wrapper\"><p>[vc_row row_height_percent=\u00bb0&#8243; overlay_alpha=\u00bb50&#8243; gutter_size=\u00bb3&#8243; column_width_percent=\u00bb100&#8243; border_color=\u00bbcolor-435214&#8243; border_style=\u00bbdotted\u00bb shift_y=\u00bb0&#8243; z_index=\u00bb0&#8243; mobile_visibility=\u00bbyes\u00bb uncode_shortcode_id=\u00bb183548&#8243; css=\u00bb.vc_custom_1652801299670{margin-top: 5px !important;border-top-width: 1px !important;padding-top: 15px !important;}\u00bb border_color_type=\u00bbuncode-palette\u00bb][vc_column column_width_percent=\u00bb100&#8243; gutter_size=\u00bb3&#8243; overlay_alpha=\u00bb50&#8243; shift_x=\u00bb0&#8243; shift_y=\u00bb0&#8243; shift_y_down=\u00bb0&#8243; z_index=\u00bb0&#8243; medium_width=\u00bb0&#8243; mobile_width=\u00bb0&#8243; width=\u00bb5\/6&#8243; uncode_shortcode_id=\u00bb513148&#8243;][uncode_breadcrumbs text_lead=\u00bbsmall\u00bb wc_breadcrumbs=\u00bbyes\u00bb][vc_row_inner row_inner_height_percent=\u00bb0&#8243; overlay_alpha=\u00bb50&#8243; gutter_size=\u00bb3&#8243; shift_y=\u00bb0&#8243; z_index=\u00bb0&#8243; uncode_shortcode_id=\u00bb373621&#8243;][vc_column_inner column_width_percent=\u00bb100&#8243; gutter_size=\u00bb2&#8243; overlay_alpha=\u00bb50&#8243; shift_x=\u00bb0&#8243; shift_y=\u00bb0&#8243; shift_y_down=\u00bb0&#8243; z_index=\u00bb0&#8243; medium_width=\u00bb0&#8243; mobile_width=\u00bb0&#8243; width=\u00bb1\/2&#8243; uncode_shortcode_id=\u00bb137511&#8243;][vc_gallery el_id=\u00bbgallery-207641&#8243; type=\u00bbcarousel\u00bb random=\u00bbyes\u00bb medias=\u00bb113,112,111&#8243; dynamic=\u00bbyes\u00bb dynamic_source=\u00bbfeatured\u00bb carousel_lg=\u00bb1&#8243; carousel_md=\u00bb1&#8243; carousel_sm=\u00bb1&#8243; gutter_size=\u00bb3&#8243; carousel_interval=\u00bb3000&#8243; carousel_navspeed=\u00bb400&#8243; carousel_dots=\u00bbyes\u00bb carousel_dots_space=\u00bbyes\u00bb carousel_dots_inside=\u00bbyes\u00bb carousel_dot_position=\u00bbright\u00bb carousel_dot_padding=\u00bb2&#8243; carousel_autoh=\u00bbyes\u00bb stage_padding=\u00bb0&#8243; single_shape=\u00bbround\u00bb single_overlay_opacity=\u00bb50&#8243; single_image_magnetic=\u00bbyes\u00bb single_padding=\u00bb2&#8243; lbox_skin=\u00bbwhite\u00bb uncode_shortcode_id=\u00bb133601&#8243;][vc_button button_color=\u00bbcolor-390752&#8243; size=\u00bbbtn-lg\u00bb wide=\u00bbyes\u00bb custom_typo=\u00bbyes\u00bb font_family=\u00bbfont-555555&#8243; font_weight=\u00bb400&#8243; border_width=\u00bb0&#8243; button_color_type=\u00bbuncode-palette\u00bb icon=\u00bbfa fa-exclamation-circle\u00bb uncode_shortcode_id=\u00bb194109&#8243; link=\u00bburl:tel%3A%2B56222180297&#8243;]\u00bfUrgencias? Ll\u00e1menos ahora, atenci\u00f3n 24 horas [\/vc_button]<div id=\"modal-trg-txt-wrap-8472\" class=\"ult-modal-input-wrapper ult-adjust-bottom-margin   vc_custom_1652806150425  \" data-keypress-control=\"keypress-control-enable\" data-overlay-control=\"overlay-control-enable\"><style>\n\t\t\t\t\t.btn-modal.btn-id-69f60df25fb2b5-67211468:hover {\n\t\t\t\t\t\tbackground-color: #ff000a !important;\n\t\t\t\t\t}\n\t\t\t\t\t<\/style><button  data-ultimate-target='#modal-trg-txt-wrap-8472 .btn-modal'  data-responsive-json-new='{\"font-size\":\"desktop:17px;\",\"line-height\":\"\"}'  style=\"background:#001b90;border-color:#001b90;color:#ffffff; \" data-class-id=\"content-69f60df25fb2b5-67211468\" class=\"btn-modal ult-responsive btn-primary btn-modal-block overlay-show ult-align-center btn-id-69f60df25fb2b5-67211468\" data-overlay-class=\"overlay-slideup\">Solicitar m\u00e1s informaci\u00f3n<\/button><\/div>\n<div class=\"ult-overlay content-69f60df25fb2b5-67211468 \" data-class=\"content-69f60df25fb2b5-67211468\" id=\"button-click-overlay\" style=\"background:rgba(255,255,255,0.8); display:none;\">\n\t<div class=\"ult_modal ult-fade ult-small\">\n\t<div class=\"ult-overlay-close popup-edge-top-right\" style=\"width:10px;height:10px; background-color: #000000;border-radius: 50%;padding:10px;box-sizing: content-box; top:-15px;right:-15px;\"><div class=\"ult-overlay-close-inside\">Close<\/div><\/div>\n\t\t<div id=\"ult-modal-wrap-2945\" class=\"ult_modal-content ult-hide\" style=\"border-style:solid;border-width:0px;border-radius:6px;border-color:;\">\n\t\t\t<div  data-ultimate-target='#ult-modal-wrap-2945 .ult_modal-body'  data-responsive-json-new='{\"font-size\":\"\",\"line-height\":\"\"}'  class=\"ult_modal-body ult-responsive ult-html\" style=\"background:#f2f2f2;\">\n\t\t\t<div class=\"frm_forms  with_frm_style frm_style_estilos-formidable\" id=\"frm_form_2_container\" data-token=\"3e36337d73d8cb65a025428ea79a2019\">\n<form enctype=\"multipart\/form-data\" method=\"post\" class=\"frm-show-form \" id=\"form_productos\" data-token=\"3e36337d73d8cb65a025428ea79a2019\">\n<div class=\"frm_form_fields \">\n<fieldset>\n<legend class=\"frm_screen_reader\">Productos<\/legend>\r\n<h3 class=\"frm_form_title\">Productos<\/h3>\r\n<div class=\"frm_fields_container\">\n<input type=\"hidden\" name=\"frm_action\" value=\"create\" \/>\n<input type=\"hidden\" name=\"form_id\" value=\"2\" \/>\n<input type=\"hidden\" name=\"frm_hide_fields_2\" id=\"frm_hide_fields_2\" value=\"\" \/>\n<input type=\"hidden\" name=\"form_key\" value=\"productos\" \/>\n<input type=\"hidden\" name=\"item_meta[0]\" value=\"\" \/>\n<input type=\"hidden\" id=\"frm_submit_entry_2\" name=\"frm_submit_entry_2\" value=\"65bf525f1f\" \/><input type=\"hidden\" name=\"_wp_http_referer\" value=\"\/web\/wp-json\/wp\/v2\/product\/606\" \/><div id=\"frm_field_11_container\" class=\"frm_form_field form-field  frm_required_field frm_top_container\">\r\n    <label for=\"field_2hg6k\" id=\"field_2hg6k_label\" class=\"frm_primary_label\">Nombre\r\n        <span class=\"frm_required\" aria-hidden=\"true\">*<\/span>\r\n    <\/label>\r\n    <input type=\"text\" id=\"field_2hg6k\" name=\"item_meta[11]\" value=\"\"  data-reqmsg=\"Este campo no puede estar en blanco.\" aria-required=\"true\" data-invmsg=\"Texto no es v\u00e1lido\" aria-invalid=\"false\"  \/>\r\n    \r\n    \r\n<\/div>\n<div id=\"frm_field_7_container\" class=\"frm_form_field form-field  frm_required_field frm_top_container\">\r\n    <label for=\"field_jpg32\" id=\"field_jpg32_label\" class=\"frm_primary_label\">Tel\u00e9fono\r\n        <span class=\"frm_required\" aria-hidden=\"true\">*<\/span>\r\n    <\/label>\r\n    <input type=\"tel\" id=\"field_jpg32\" name=\"item_meta[7]\" value=\"+569********\"  maxlength=\"12\" data-frmval=\"+569********\" data-reqmsg=\"Este campo no puede estar en blanco.\" aria-required=\"true\" data-invmsg=\"Tel\u00e9fono no es v\u00e1lido\" aria-invalid=\"false\" pattern=\"\\+\\d\\d\\d\\d\\d\\d\\d\\d\\d\\d\\d$\"  \/>\r\n    \r\n    \r\n<\/div>\n<div id=\"frm_field_8_container\" class=\"frm_form_field form-field  frm_required_field frm_top_container\">\r\n    <label for=\"field_avefq\" id=\"field_avefq_label\" class=\"frm_primary_label\">Correo electr\u00f3nico\r\n        <span class=\"frm_required\" aria-hidden=\"true\">*<\/span>\r\n    <\/label>\r\n    <input type=\"email\" id=\"field_avefq\" name=\"item_meta[8]\" value=\"\"  data-reqmsg=\"Este campo no puede estar en blanco.\" aria-required=\"true\" data-invmsg=\"Correo electr\u00f3nico no es v\u00e1lido\" aria-invalid=\"false\"  \/>\r\n    \r\n    \r\n<\/div>\n<div id=\"frm_field_10_container\" class=\"frm_form_field form-field  frm_required_field frm_top_container\">\r\n    <label for=\"field_odpqd\" id=\"field_odpqd_label\" class=\"frm_primary_label\">Mensaje\r\n        <span class=\"frm_required\" aria-hidden=\"true\">*<\/span>\r\n    <\/label>\r\n    <textarea name=\"item_meta[10]\" id=\"field_odpqd\" rows=\"5\"  data-reqmsg=\"Este campo no puede estar en blanco.\" aria-required=\"true\" data-invmsg=\"Mensaje no es v\u00e1lido\" aria-invalid=\"false\"  ><\/textarea>\r\n    \r\n    \r\n<\/div>\n<div id=\"frm_field_13_container\" class=\"frm_form_field form-field \">\r\n\t<div class=\"frm_submit\">\r\n\r\n<button class=\"frm_button_submit\" type=\"submit\"  >Enviar<\/button>\r\n\r\n<\/div>\r\n<\/div>\n\t<input type=\"hidden\" name=\"item_key\" value=\"\" \/>\n\t\t\t<div id=\"frm_field_14_container\">\n\t\t\t<label for=\"field_k4wok\" >\n\t\t\t\tSi eres humano, deja este campo en blanco.\t\t\t<\/label>\n\t\t\t<input  id=\"field_k4wok\" type=\"text\" class=\"frm_form_field form-field frm_verify\" name=\"item_meta[14]\" value=\"\"  \/>\n\t\t<\/div>\n\t\t<input name=\"frm_state\" type=\"hidden\" value=\"WM7acI2TtNOP\/MrTETgilfou83\/CuGX9rVmefS8+seI=\" \/><\/div>\n<\/fieldset>\n<\/div>\n\n<\/form>\n<\/div>\n\n\t\t\t<\/div>\n\t<\/div>\n\t<\/div>\n<\/div>[\/vc_column_inner][vc_column_inner column_width_percent=\u00bb100&#8243; gutter_size=\u00bb2&#8243; overlay_alpha=\u00bb50&#8243; shift_x=\u00bb0&#8243; shift_y=\u00bb0&#8243; shift_y_down=\u00bb0&#8243; z_index=\u00bb0&#8243; medium_width=\u00bb0&#8243; mobile_width=\u00bb0&#8243; width=\u00bb1\/2&#8243; uncode_shortcode_id=\u00bb937438&#8243;][vc_custom_heading auto_text=\u00bbyes\u00bb text_size=\u00bbh1&#8243; uncode_shortcode_id=\u00bb201513&#8243;]This is a custom heading element.[\/vc_custom_heading][vc_custom_heading text_color=\u00bbcolor-390752&#8243; text_size=\u00bbh5&#8243; text_weight=\u00bb600&#8243; text_italic=\u00bbyes\u00bb sub_reduced=\u00bbyes\u00bb uncode_shortcode_id=\u00bb163132&#8243; text_color_type=\u00bbuncode-palette\u00bb]Disponible para VENTA[\/vc_custom_heading][uncode_list icon=\u00bbfa fa-check\u00bb icon_color=\u00bbcolor-271333&#8243; uncode_shortcode_id=\u00bb576520&#8243; icon_color_type=\u00bbuncode-palette\u00bb]<\/p>\n<ul>\n<li>Importada<\/li>\n<li>Colchoneta tipo tela impermeable<\/li>\n<li>18 celdas modulares intercambiables<\/li>\n<li>Celdas con ventilaci\u00f3n que evitan bacterias y g\u00e9rmenes<\/li>\n<li>Altura de cada celda 11 cms<\/li>\n<li>Resiste hasta 130 kilos<\/li>\n<li>Motor el\u00e9ctrico de 220 volts<\/li>\n<li>Motor con regulador de presi\u00f3n (para pacientes de distinto peso)<\/li>\n<li>Medidas de la colchoneta 190*85 cms<\/li>\n<li>Alivio total de presi\u00f3n<\/li>\n<li>Incluye Funda Protectora<\/li>\n<li>Disponible para venta<\/li>\n<li><strong>Despacho a regiones <img decoding=\"async\" class=\"alignnone size-full wp-image-273\" src=\"https:\/\/acemed.cl\/web\/wp-content\/uploads\/2022\/05\/entrega-rapida.png\" alt=\"\" width=\"23\" height=\"15\" \/><\/strong><\/li>\n<\/ul>\n<p>[\/uncode_list][\/vc_column_inner][\/vc_row_inner][\/vc_column][vc_column width=\u00bb1\/6&#8243;][vc_widget_sidebar sidebar_id=\u00bbsidebar-175685&#8243;][\/vc_column][\/vc_row][vc_row row_height_percent=\u00bb0&#8243; overlay_alpha=\u00bb50&#8243; gutter_size=\u00bb3&#8243; column_width_percent=\u00bb100&#8243; border_color=\u00bbcolor-435214&#8243; border_style=\u00bbdotted\u00bb shift_y=\u00bb0&#8243; z_index=\u00bb0&#8243; desktop_visibility=\u00bbyes\u00bb medium_visibility=\u00bbyes\u00bb uncode_shortcode_id=\u00bb343549&#8243; css=\u00bb.vc_custom_1652801310088{margin-top: 5px !important;border-top-width: 1px !important;padding-top: 15px !important;}\u00bb border_color_type=\u00bbuncode-palette\u00bb][vc_column column_width_percent=\u00bb100&#8243; position_vertical=\u00bbmiddle\u00bb gutter_size=\u00bb3&#8243; overlay_alpha=\u00bb50&#8243; shift_x=\u00bb0&#8243; shift_y=\u00bb0&#8243; shift_y_down=\u00bb0&#8243; z_index=\u00bb0&#8243; medium_width=\u00bb0&#8243; mobile_width=\u00bb0&#8243; width=\u00bb1\/1&#8243; uncode_shortcode_id=\u00bb152448&#8243;][uncode_breadcrumbs text_lead=\u00bbsmall\u00bb wc_breadcrumbs=\u00bbyes\u00bb][vc_gallery el_id=\u00bbgallery-207641&#8243; type=\u00bbjustified\u00bb random=\u00bbyes\u00bb medias=\u00bb113,112,111&#8243; dynamic=\u00bbyes\u00bb dynamic_source=\u00bbfeatured\u00bb justify_row_height=\u00bb250&#8243; gutter_size=\u00bb3&#8243; media_items=\u00bbmedia|lightbox|original,icon,spacer|half\u00bb single_shape=\u00bbround\u00bb single_overlay_opacity=\u00bb50&#8243; single_image_magnetic=\u00bbyes\u00bb single_padding=\u00bb2&#8243; single_border=\u00bbyes\u00bb lbox_skin=\u00bbwhite\u00bb uncode_shortcode_id=\u00bb621856&#8243;][vc_empty_space empty_h=\u00bb1&#8243;][vc_custom_heading auto_text=\u00bbyes\u00bb text_size=\u00bbh1&#8243; uncode_shortcode_id=\u00bb201513&#8243;]This is a custom heading element.[\/vc_custom_heading][vc_custom_heading text_color=\u00bbcolor-390752&#8243; text_size=\u00bbh5&#8243; text_weight=\u00bb600&#8243; text_italic=\u00bbyes\u00bb sub_reduced=\u00bbyes\u00bb uncode_shortcode_id=\u00bb426777&#8243; text_color_type=\u00bbuncode-palette\u00bb]Disponible para VENTA[\/vc_custom_heading][uncode_list icon=\u00bbfa fa-check\u00bb icon_color=\u00bbcolor-271333&#8243; uncode_shortcode_id=\u00bb203285&#8243; icon_color_type=\u00bbuncode-palette\u00bb]<\/p>\n<ul>\n<li>Importada<\/li>\n<li>Colchoneta tipo tela impermeable<\/li>\n<li>18 celdas modulares intercambiables<\/li>\n<li>Celdas con ventilaci\u00f3n que evitan bacterias y g\u00e9rmenes<\/li>\n<li>Altura de cada celda 11 cms<\/li>\n<li>Resiste hasta 130 kilos<\/li>\n<li>Motor el\u00e9ctrico de 220 volts<\/li>\n<li>Motor con regulador de presi\u00f3n (para pacientes de distinto peso)<\/li>\n<li>Medidas de la colchoneta 190*85 cms<\/li>\n<li>Alivio total de presi\u00f3n<\/li>\n<li>Incluye Funda Protectora<\/li>\n<li>Disponible para venta<\/li>\n<li><strong>Despacho a regiones <img decoding=\"async\" class=\"alignnone size-full wp-image-273\" src=\"https:\/\/networkr.link\/acemed\/wp-content\/uploads\/2022\/05\/entrega-rapida.png\" alt=\"\" width=\"23\" height=\"15\" \/><\/strong><\/li>\n<\/ul>\n<p>[\/uncode_list][vc_row_inner][vc_column_inner column_width_percent=\u00bb100&#8243; position_vertical=\u00bbmiddle\u00bb align_horizontal=\u00bbalign_center\u00bb gutter_size=\u00bb2&#8243; override_padding=\u00bbyes\u00bb column_padding=\u00bb1&#8243; expand_height=\u00bbyes\u00bb overlay_alpha=\u00bb50&#8243; shift_x=\u00bb0&#8243; shift_y=\u00bb0&#8243; shift_y_down=\u00bb0&#8243; z_index=\u00bb0&#8243; medium_width=\u00bb0&#8243; mobile_width=\u00bb0&#8243; width=\u00bb1\/1&#8243; uncode_shortcode_id=\u00bb134735&#8243;][vc_button button_color=\u00bbcolor-390752&#8243; size=\u00bbbtn-lg\u00bb wide=\u00bbyes\u00bb custom_typo=\u00bbyes\u00bb font_family=\u00bbfont-555555&#8243; font_weight=\u00bb400&#8243; border_width=\u00bb0&#8243; scale_mobile=\u00bbno\u00bb button_color_type=\u00bbuncode-palette\u00bb icon=\u00bbfa fa-exclamation-circle\u00bb uncode_shortcode_id=\u00bb524446&#8243; link=\u00bburl:tel%3A%2B56222180297&#8243; width=\u00bb100%\u00bb]\u00bfUrgencias? Ll\u00e1menos ahora, atenci\u00f3n 24 horas [\/vc_button]<div id=\"modal-trg-txt-wrap-8236\" class=\"ult-modal-input-wrapper ult-adjust-bottom-margin   vc_custom_1652806150425  \" data-keypress-control=\"keypress-control-enable\" data-overlay-control=\"overlay-control-enable\"><style>\n\t\t\t\t\t.btn-modal.btn-id-69f60df265b578-45851701:hover {\n\t\t\t\t\t\tbackground-color: #ff000a !important;\n\t\t\t\t\t}\n\t\t\t\t\t<\/style><button  data-ultimate-target='#modal-trg-txt-wrap-8236 .btn-modal'  data-responsive-json-new='{\"font-size\":\"desktop:17px;\",\"line-height\":\"\"}'  style=\"background:#001b90;border-color:#001b90;color:#ffffff; \" data-class-id=\"content-69f60df265b578-45851701\" class=\"btn-modal ult-responsive btn-primary btn-modal-block overlay-show ult-align-center btn-id-69f60df265b578-45851701\" data-overlay-class=\"overlay-slideup\">Solicitar m\u00e1s informaci\u00f3n<\/button><\/div>\n<div class=\"ult-overlay content-69f60df265b578-45851701 \" data-class=\"content-69f60df265b578-45851701\" id=\"button-click-overlay\" style=\"background:rgba(255,255,255,0.8); display:none;\">\n\t<div class=\"ult_modal ult-fade ult-small\">\n\t<div class=\"ult-overlay-close popup-edge-top-right\" style=\"width:10px;height:10px; background-color: #000000;border-radius: 50%;padding:10px;box-sizing: content-box; top:-15px;right:-15px;\"><div class=\"ult-overlay-close-inside\">Close<\/div><\/div>\n\t\t<div id=\"ult-modal-wrap-2899\" class=\"ult_modal-content ult-hide\" style=\"border-style:solid;border-width:0px;border-radius:6px;border-color:;\">\n\t\t\t<div  data-ultimate-target='#ult-modal-wrap-2899 .ult_modal-body'  data-responsive-json-new='{\"font-size\":\"\",\"line-height\":\"\"}'  class=\"ult_modal-body ult-responsive ult-html\" style=\"background:#f2f2f2;\">\n\t\t\t<div class=\"frm_forms  with_frm_style frm_style_estilos-formidable\" id=\"frm_form_2_container\" data-token=\"3e36337d73d8cb65a025428ea79a2019\" data-token=\"3e36337d73d8cb65a025428ea79a2019\">\n<form enctype=\"multipart\/form-data\" method=\"post\" class=\"frm-show-form \" id=\"form_productos\" data-token=\"3e36337d73d8cb65a025428ea79a2019\" data-token=\"3e36337d73d8cb65a025428ea79a2019\">\n<div class=\"frm_form_fields \">\n<fieldset>\n<legend class=\"frm_screen_reader\">Productos<\/legend>\r\n<h3 class=\"frm_form_title\">Productos<\/h3>\r\n<div class=\"frm_fields_container\">\n<input type=\"hidden\" name=\"frm_action\" value=\"create\" \/>\n<input type=\"hidden\" name=\"form_id\" value=\"2\" \/>\n<input type=\"hidden\" name=\"frm_hide_fields_2\" id=\"frm_hide_fields_2\" value=\"\" \/>\n<input type=\"hidden\" name=\"form_key\" value=\"productos\" \/>\n<input type=\"hidden\" name=\"item_meta[0]\" value=\"\" \/>\n<input type=\"hidden\" id=\"frm_submit_entry_2\" name=\"frm_submit_entry_2\" value=\"65bf525f1f\" \/><input type=\"hidden\" name=\"_wp_http_referer\" value=\"\/web\/wp-json\/wp\/v2\/product\/606\" \/><div id=\"frm_field_11_container\" class=\"frm_form_field form-field  frm_required_field frm_top_container\">\r\n    <label for=\"field_2hg6k\" id=\"field_2hg6k_label\" class=\"frm_primary_label\">Nombre\r\n        <span class=\"frm_required\" aria-hidden=\"true\">*<\/span>\r\n    <\/label>\r\n    <input type=\"text\" id=\"field_2hg6k\" name=\"item_meta[11]\" value=\"\"  data-reqmsg=\"Este campo no puede estar en blanco.\" aria-required=\"true\" data-invmsg=\"Texto no es v\u00e1lido\" aria-invalid=\"false\"  \/>\r\n    \r\n    \r\n<\/div>\n<div id=\"frm_field_7_container\" class=\"frm_form_field form-field  frm_required_field frm_top_container\">\r\n    <label for=\"field_jpg32\" id=\"field_jpg32_label\" class=\"frm_primary_label\">Tel\u00e9fono\r\n        <span class=\"frm_required\" aria-hidden=\"true\">*<\/span>\r\n    <\/label>\r\n    <input type=\"tel\" id=\"field_jpg32\" name=\"item_meta[7]\" value=\"+569********\"  maxlength=\"12\" data-frmval=\"+569********\" data-reqmsg=\"Este campo no puede estar en blanco.\" aria-required=\"true\" data-invmsg=\"Tel\u00e9fono no es v\u00e1lido\" aria-invalid=\"false\" pattern=\"\\+\\d\\d\\d\\d\\d\\d\\d\\d\\d\\d\\d$\"  \/>\r\n    \r\n    \r\n<\/div>\n<div id=\"frm_field_8_container\" class=\"frm_form_field form-field  frm_required_field frm_top_container\">\r\n    <label for=\"field_avefq\" id=\"field_avefq_label\" class=\"frm_primary_label\">Correo electr\u00f3nico\r\n        <span class=\"frm_required\" aria-hidden=\"true\">*<\/span>\r\n    <\/label>\r\n    <input type=\"email\" id=\"field_avefq\" name=\"item_meta[8]\" value=\"\"  data-reqmsg=\"Este campo no puede estar en blanco.\" aria-required=\"true\" data-invmsg=\"Correo electr\u00f3nico no es v\u00e1lido\" aria-invalid=\"false\"  \/>\r\n    \r\n    \r\n<\/div>\n<div id=\"frm_field_10_container\" class=\"frm_form_field form-field  frm_required_field frm_top_container\">\r\n    <label for=\"field_odpqd\" id=\"field_odpqd_label\" class=\"frm_primary_label\">Mensaje\r\n        <span class=\"frm_required\" aria-hidden=\"true\">*<\/span>\r\n    <\/label>\r\n    <textarea name=\"item_meta[10]\" id=\"field_odpqd\" rows=\"5\"  data-reqmsg=\"Este campo no puede estar en blanco.\" aria-required=\"true\" data-invmsg=\"Mensaje no es v\u00e1lido\" aria-invalid=\"false\"  ><\/textarea>\r\n    \r\n    \r\n<\/div>\n<div id=\"frm_field_13_container\" class=\"frm_form_field form-field \">\r\n\t<div class=\"frm_submit\">\r\n\r\n<button class=\"frm_button_submit\" type=\"submit\"  >Enviar<\/button>\r\n\r\n<\/div>\r\n<\/div>\n\t<input type=\"hidden\" name=\"item_key\" value=\"\" \/>\n\t\t\t<div id=\"frm_field_15_container\">\n\t\t\t<label for=\"field_rk8xb\" >\n\t\t\t\tSi eres humano, deja este campo en blanco.\t\t\t<\/label>\n\t\t\t<input  id=\"field_rk8xb\" type=\"text\" class=\"frm_form_field form-field frm_verify\" name=\"item_meta[15]\" value=\"\"  \/>\n\t\t<\/div>\n\t\t<input name=\"frm_state\" type=\"hidden\" value=\"WM7acI2TtNOP\/MrTETgilTwMv8sa6IPCXpb8fPgbz08=\" \/><\/div>\n<\/fieldset>\n<\/div>\n\n<\/form>\n<\/div>\n\n\t\t\t<\/div>\n\t<\/div>\n\t<\/div>\n<\/div>[\/vc_column_inner][\/vc_row_inner][\/vc_column][\/vc_row][vc_row unlock_row_content=\u00bbyes\u00bb row_height_percent=\u00bb0&#8243; back_color=\u00bbcolor-435214&#8243; overlay_alpha=\u00bb74&#8243; gutter_size=\u00bb3&#8243; column_width_percent=\u00bb100&#8243; shift_y=\u00bb0&#8243; z_index=\u00bb0&#8243; desktop_visibility=\u00bbyes\u00bb uncode_shortcode_id=\u00bb401552&#8243; back_color_type=\u00bbuncode-palette\u00bb el_class=\u00bbwidgetmobile\u00bb el_id=\u00bbmobilewidget\u00bb][vc_column column_width_percent=\u00bb100&#8243; position_vertical=\u00bbmiddle\u00bb gutter_size=\u00bb3&#8243; overlay_alpha=\u00bb50&#8243; shift_x=\u00bb0&#8243; shift_y=\u00bb0&#8243; shift_y_down=\u00bb0&#8243; z_index=\u00bb0&#8243; medium_width=\u00bb0&#8243; mobile_width=\u00bb0&#8243; width=\u00bb1\/1&#8243; uncode_shortcode_id=\u00bb188752&#8243;][vc_widget_sidebar sidebar_id=\u00bbsidebar-161611&#8243;][\/vc_column][\/vc_row]<\/p>\n<\/div>","protected":false},"excerpt":{"rendered":"<p>[vc_row row_height_percent=\u00bb0&#8243; overlay_alpha=\u00bb50&#8243; gutter_size=\u00bb3&#8243; column_width_percent=\u00bb100&#8243; border_color=\u00bbcolor-435214&#8243; border_style=\u00bbdotted\u00bb shift_y=\u00bb0&#8243; z_index=\u00bb0&#8243; mobile_visibility=\u00bbyes\u00bb uncode_shortcode_id=\u00bb183548&#8243; css=\u00bb.vc_custom_1652801299670{margin-top: 5px !important;border-top-width: 1px !important;padding-top: 15px !important;}\u00bb border_color_type=\u00bbuncode-palette\u00bb][vc_column column_width_percent=\u00bb100&#8243; [&hellip;]<\/p>\n","protected":false},"featured_media":608,"template":"","meta":{"_joinchat":[]},"product_brand":[],"product_cat":[32,18],"product_tag":[],"class_list":{"0":"post-606","1":"product","2":"type-product","3":"status-publish","4":"has-post-thumbnail","6":"product_cat-colchones-antiescaras","7":"product_cat-catalogo","9":"first","10":"instock","11":"shipping-taxable","12":"product-type-simple"},"_links":{"self":[{"href":"https:\/\/acemed.cl\/web\/wp-json\/wp\/v2\/product\/606","targetHints":{"allow":["GET"]}}],"collection":[{"href":"https:\/\/acemed.cl\/web\/wp-json\/wp\/v2\/product"}],"about":[{"href":"https:\/\/acemed.cl\/web\/wp-json\/wp\/v2\/types\/product"}],"wp:featuredmedia":[{"embeddable":true,"href":"https:\/\/acemed.cl\/web\/wp-json\/wp\/v2\/media\/608"}],"wp:attachment":[{"href":"https:\/\/acemed.cl\/web\/wp-json\/wp\/v2\/media?parent=606"}],"wp:term":[{"taxonomy":"product_brand","embeddable":true,"href":"https:\/\/acemed.cl\/web\/wp-json\/wp\/v2\/product_brand?post=606"},{"taxonomy":"product_cat","embeddable":true,"href":"https:\/\/acemed.cl\/web\/wp-json\/wp\/v2\/product_cat?post=606"},{"taxonomy":"product_tag","embeddable":true,"href":"https:\/\/acemed.cl\/web\/wp-json\/wp\/v2\/product_tag?post=606"}],"curies":[{"name":"wp","href":"https:\/\/api.w.org\/{rel}","templated":true}]}}