{"id":23735,"date":"2025-05-07T18:04:39","date_gmt":"2025-05-07T21:04:39","guid":{"rendered":"https:\/\/acemed.cl\/web\/?post_type=product&#038;p=23735"},"modified":"2025-05-07T18:07:23","modified_gmt":"2025-05-07T21:07:23","slug":"lavapelo-portatil","status":"publish","type":"product","link":"https:\/\/acemed.cl\/web\/producto\/lavapelo-portatil\/","title":{"rendered":"Lavapelo Portatil"},"content":{"rendered":"<div class=\"wpb-content-wrapper\"><p>[vc_row row_height_percent=\u00bb0&#8243; overlay_alpha=\u00bb50&#8243; gutter_size=\u00bb3&#8243; column_width_percent=\u00bb100&#8243; border_color=\u00bbcolor-435214&#8243; border_style=\u00bbdotted\u00bb shift_y=\u00bb0&#8243; z_index=\u00bb0&#8243; uncode_shortcode_id=\u00bb189384&#8243; css=\u00bb.vc_custom_1652388165665{margin-top: 5px !important;border-top-width: 1px !important;padding-top: 15px !important;}\u00bb border_color_type=\u00bbuncode-palette\u00bb][vc_column column_width_percent=\u00bb100&#8243; gutter_size=\u00bb3&#8243; overlay_alpha=\u00bb50&#8243; shift_x=\u00bb0&#8243; shift_y=\u00bb0&#8243; shift_y_down=\u00bb0&#8243; z_index=\u00bb0&#8243; medium_width=\u00bb0&#8243; mobile_width=\u00bb0&#8243; width=\u00bb5\/6&#8243; uncode_shortcode_id=\u00bb513148&#8243;][uncode_breadcrumbs text_lead=\u00bbsmall\u00bb wc_breadcrumbs=\u00bbyes\u00bb][vc_row_inner row_inner_height_percent=\u00bb0&#8243; overlay_alpha=\u00bb50&#8243; gutter_size=\u00bb3&#8243; shift_y=\u00bb0&#8243; z_index=\u00bb0&#8243; uncode_shortcode_id=\u00bb373621&#8243;][vc_column_inner column_width_percent=\u00bb100&#8243; gutter_size=\u00bb2&#8243; overlay_alpha=\u00bb50&#8243; shift_x=\u00bb0&#8243; shift_y=\u00bb0&#8243; shift_y_down=\u00bb0&#8243; z_index=\u00bb0&#8243; medium_width=\u00bb0&#8243; mobile_width=\u00bb0&#8243; width=\u00bb1\/2&#8243; uncode_shortcode_id=\u00bb137511&#8243;][vc_gallery el_id=\u00bbgallery-207641&#8243; type=\u00bbcarousel\u00bb random=\u00bbyes\u00bb medias=\u00bb113,112,111&#8243; dynamic=\u00bbyes\u00bb dynamic_source=\u00bbfeatured\u00bb carousel_lg=\u00bb1&#8243; carousel_md=\u00bb1&#8243; carousel_sm=\u00bb1&#8243; gutter_size=\u00bb3&#8243; carousel_autoh=\u00bbyes\u00bb carousel_interval=\u00bb3000&#8243; carousel_navspeed=\u00bb400&#8243; carousel_dots=\u00bbyes\u00bb carousel_dots_space=\u00bbyes\u00bb carousel_dots_inside=\u00bbyes\u00bb carousel_dot_position=\u00bbright\u00bb carousel_dot_padding=\u00bb2&#8243; stage_padding=\u00bb0&#8243; single_shape=\u00bbround\u00bb single_overlay_opacity=\u00bb50&#8243; single_image_magnetic=\u00bbyes\u00bb single_padding=\u00bb2&#8243; lbox_skin=\u00bbwhite\u00bb uncode_shortcode_id=\u00bb133601&#8243;][vc_button button_color=\u00bbcolor-390752&#8243; size=\u00bbbtn-lg\u00bb wide=\u00bbyes\u00bb custom_typo=\u00bbyes\u00bb font_family=\u00bbfont-555555&#8243; font_weight=\u00bb400&#8243; border_width=\u00bb0&#8243; button_color_type=\u00bbuncode-palette\u00bb icon=\u00bbfa fa-exclamation-circle\u00bb uncode_shortcode_id=\u00bb194109&#8243; link=\u00bburl:tel%3A%2B56222180297&#8243;]\u00bfUrgencias? Ll\u00e1menos ahora, atenci\u00f3n 24 horas [\/vc_button]<div id=\"modal-trg-txt-wrap-5172\" class=\"ult-modal-input-wrapper ult-adjust-bottom-margin   vc_custom_1652797917181  \" data-keypress-control=\"keypress-control-enable\" data-overlay-control=\"overlay-control-enable\"><style>\n\t\t\t\t\t.btn-modal.btn-id-69f6f506c97fb3-33767016:hover {\n\t\t\t\t\t\tbackground-color: #ff000a !important;\n\t\t\t\t\t}\n\t\t\t\t\t<\/style><button  data-ultimate-target='#modal-trg-txt-wrap-5172 .btn-modal'  data-responsive-json-new='{\"font-size\":\"desktop:17px;\",\"line-height\":\"\"}'  style=\"background:#001b90;border-color:#001b90;color:#ffffff; \" data-class-id=\"content-69f6f506c97fb3-33767016\" class=\"btn-modal ult-responsive btn-primary btn-modal-block overlay-show ult-align-center btn-id-69f6f506c97fb3-33767016\" data-overlay-class=\"overlay-slideup\">Solicitar m\u00e1s informaci\u00f3n<\/button><\/div>\n<div class=\"ult-overlay content-69f6f506c97fb3-33767016 \" data-class=\"content-69f6f506c97fb3-33767016\" id=\"button-click-overlay\" style=\"background:rgba(255,255,255,0.8); display:none;\">\n\t<div class=\"ult_modal ult-fade ult-block\">\n\t\t<div id=\"ult-modal-wrap-3907\" class=\"ult_modal-content ult-hide\" style=\"border-style:solid;border-width:0px;border-radius:6px;border-color:#333333;\">\n\t\t\t<div  data-ultimate-target='#ult-modal-wrap-3907 .ult_modal-body'  data-responsive-json-new='{\"font-size\":\"\",\"line-height\":\"\"}'  class=\"ult_modal-body ult-responsive ult-html\" style=\"background:#f2f2f2;\">\n\t\t\t\n<div class=\"wpcf7 no-js\" id=\"wpcf7-f1480-o1\" lang=\"es-ES\" dir=\"ltr\" data-wpcf7-id=\"1480\">\n<div class=\"screen-reader-response\"><p role=\"status\" aria-live=\"polite\" aria-atomic=\"true\"><\/p> <ul><\/ul><\/div>\n<form action=\"\/web\/wp-json\/wp\/v2\/product\/23735#wpcf7-f1480-o1\" method=\"post\" class=\"wpcf7-form init\" aria-label=\"Formulario de contacto\" novalidate=\"novalidate\" data-status=\"init\">\n<fieldset class=\"hidden-fields-container\"><input type=\"hidden\" name=\"_wpcf7\" value=\"1480\" \/><input type=\"hidden\" name=\"_wpcf7_version\" value=\"6.1.5\" \/><input type=\"hidden\" name=\"_wpcf7_locale\" value=\"es_ES\" \/><input type=\"hidden\" name=\"_wpcf7_unit_tag\" value=\"wpcf7-f1480-o1\" \/><input type=\"hidden\" name=\"_wpcf7_container_post\" value=\"0\" \/><input type=\"hidden\" name=\"_wpcf7_posted_data_hash\" value=\"\" \/><input type=\"hidden\" name=\"_wpcf7_recaptcha_response\" value=\"\" \/>\n<\/fieldset>\n<p><label> Tu nombre<br \/>\n<span class=\"wpcf7-form-control-wrap\" data-name=\"your-name\"><input size=\"40\" maxlength=\"400\" class=\"wpcf7-form-control wpcf7-text wpcf7-validates-as-required\" aria-required=\"true\" aria-invalid=\"false\" value=\"\" type=\"text\" name=\"your-name\" \/><\/span> <\/label>\n<\/p>\n<p><label> Tu correo electr\u00f3nico<br \/>\n<span class=\"wpcf7-form-control-wrap\" data-name=\"your-email\"><input size=\"40\" maxlength=\"400\" class=\"wpcf7-form-control wpcf7-email wpcf7-validates-as-required wpcf7-text wpcf7-validates-as-email\" aria-required=\"true\" aria-invalid=\"false\" value=\"\" type=\"email\" name=\"your-email\" \/><\/span> <\/label>\n<\/p>\n<p><label> Asunto<br \/>\n<span class=\"wpcf7-form-control-wrap\" data-name=\"your-subject\"><input size=\"40\" maxlength=\"400\" class=\"wpcf7-form-control wpcf7-text wpcf7-validates-as-required\" aria-required=\"true\" aria-invalid=\"false\" value=\"\" type=\"text\" name=\"your-subject\" \/><\/span> <\/label>\n<\/p>\n<p><label> Tu mensaje (opcional)<br \/>\n<span class=\"wpcf7-form-control-wrap\" data-name=\"your-message\"><textarea cols=\"40\" rows=\"10\" maxlength=\"2000\" class=\"wpcf7-form-control wpcf7-textarea\" aria-invalid=\"false\" name=\"your-message\"><\/textarea><\/span> <\/label>\n<\/p>\n<p><input class=\"wpcf7-form-control wpcf7-submit has-spinner\" type=\"submit\" value=\"Enviar\" \/>\n<\/p><div class=\"wpcf7-response-output\" aria-hidden=\"true\"><\/div>\n<\/form>\n<\/div>\n\n\t\t\t<\/div>\n\t<\/div>\n\t<\/div>\n\t<div class=\"ult-overlay-close top-right\" style=\"width:80px;height:80px; \"><div class=\"ult-overlay-close-inside\">Close<\/div><\/div>\n<\/div>[\/vc_column_inner][vc_column_inner column_width_percent=\u00bb100&#8243; gutter_size=\u00bb2&#8243; overlay_alpha=\u00bb50&#8243; shift_x=\u00bb0&#8243; shift_y=\u00bb0&#8243; shift_y_down=\u00bb0&#8243; z_index=\u00bb0&#8243; medium_width=\u00bb0&#8243; mobile_width=\u00bb0&#8243; width=\u00bb1\/2&#8243; uncode_shortcode_id=\u00bb937438&#8243;][vc_custom_heading auto_text=\u00bbyes\u00bb text_size=\u00bbh1&#8243; uncode_shortcode_id=\u00bb201513&#8243;]This is a custom heading element.[\/vc_custom_heading][vc_custom_heading text_color=\u00bbcolor-390752&#8243; text_size=\u00bbh5&#8243; text_weight=\u00bb600&#8243; text_italic=\u00bbyes\u00bb sub_reduced=\u00bbyes\u00bb uncode_shortcode_id=\u00bb691405&#8243; text_color_type=\u00bbuncode-palette\u00bb]Disponible para VENTA[\/vc_custom_heading][uncode_list icon=\u00bbfa fa-check\u00bb icon_color=\u00bbcolor-271333&#8243; uncode_shortcode_id=\u00bb108836&#8243; icon_color_type=\u00bbuncode-palette\u00bb]<\/p>\n<ul>\n<li>Lavapelo Inflable Port\u00e1til<\/li>\n<li>Bandeja inflable de material polietileno alta densidad, con apoya cabeza, ideal para el lavado del cabello de personas con alguna discapacidad y para uso directo en el hogar.<\/li>\n<li>Posee un drenaje para evacuar el agua de post lavado<\/li>\n<li>Est\u00e1 dise\u00f1ado para adaptarse c\u00f3modamente alrededor del cuello y la cabeza del usuario, proporcionando un soporte adecuado durante el lavado del cabello.<\/li>\n<li>Incluye una bolsa ducha para facilitar el lavado<\/li>\n<\/ul>\n<p>[\/uncode_list][\/vc_column_inner][\/vc_row_inner][\/vc_column][vc_column width=\u00bb1\/6&#8243;][vc_widget_sidebar sidebar_id=\u00bbsidebar-175685&#8243;][\/vc_column][\/vc_row]<\/p>\n<\/div>","protected":false},"excerpt":{"rendered":"<p>[vc_row row_height_percent=\u00bb0&#8243; overlay_alpha=\u00bb50&#8243; gutter_size=\u00bb3&#8243; column_width_percent=\u00bb100&#8243; border_color=\u00bbcolor-435214&#8243; border_style=\u00bbdotted\u00bb shift_y=\u00bb0&#8243; z_index=\u00bb0&#8243; uncode_shortcode_id=\u00bb189384&#8243; css=\u00bb.vc_custom_1652388165665{margin-top: 5px !important;border-top-width: 1px !important;padding-top: 15px !important;}\u00bb border_color_type=\u00bbuncode-palette\u00bb][vc_column column_width_percent=\u00bb100&#8243; gutter_size=\u00bb3&#8243; [&hellip;]<\/p>\n","protected":false},"featured_media":23736,"template":"","meta":{"_joinchat":[]},"product_brand":[],"product_cat":[41],"product_tag":[],"class_list":{"0":"post-23735","1":"product","2":"type-product","3":"status-publish","4":"has-post-thumbnail","6":"product_cat-incontinencia-y-bano","8":"first","9":"instock","10":"shipping-taxable","11":"product-type-simple"},"_links":{"self":[{"href":"https:\/\/acemed.cl\/web\/wp-json\/wp\/v2\/product\/23735","targetHints":{"allow":["GET"]}}],"collection":[{"href":"https:\/\/acemed.cl\/web\/wp-json\/wp\/v2\/product"}],"about":[{"href":"https:\/\/acemed.cl\/web\/wp-json\/wp\/v2\/types\/product"}],"wp:featuredmedia":[{"embeddable":true,"href":"https:\/\/acemed.cl\/web\/wp-json\/wp\/v2\/media\/23736"}],"wp:attachment":[{"href":"https:\/\/acemed.cl\/web\/wp-json\/wp\/v2\/media?parent=23735"}],"wp:term":[{"taxonomy":"product_brand","embeddable":true,"href":"https:\/\/acemed.cl\/web\/wp-json\/wp\/v2\/product_brand?post=23735"},{"taxonomy":"product_cat","embeddable":true,"href":"https:\/\/acemed.cl\/web\/wp-json\/wp\/v2\/product_cat?post=23735"},{"taxonomy":"product_tag","embeddable":true,"href":"https:\/\/acemed.cl\/web\/wp-json\/wp\/v2\/product_tag?post=23735"}],"curies":[{"name":"wp","href":"https:\/\/api.w.org\/{rel}","templated":true}]}}